{"id":2748,"date":"2026-02-25T10:12:32","date_gmt":"2026-02-25T10:12:32","guid":{"rendered":"https:\/\/chateaulacroizille.com\/?page_id=2748"},"modified":"2026-02-26T09:20:43","modified_gmt":"2026-02-26T09:20:43","slug":"salons","status":"publish","type":"page","link":"https:\/\/chateaulacroizille.com\/en\/salons\/","title":{"rendered":"Salons"},"content":{"rendered":"\t\t<div data-elementor-type=\"wp-page\" data-elementor-id=\"2748\" class=\"elementor elementor-2748\" data-elementor-post-type=\"page\">\n\t\t\t\t<div class=\"elementor-element elementor-element-9fd8783 e-con-full e-flex elementor-invisible e-con e-parent\" data-id=\"9fd8783\" data-element_type=\"container\" data-e-type=\"container\" data-settings=\"{&quot;background_background&quot;:&quot;classic&quot;,&quot;motion_fx_motion_fx_scrolling&quot;:&quot;yes&quot;,&quot;animation&quot;:&quot;fadeInUp&quot;,&quot;motion_fx_devices&quot;:[&quot;desktop&quot;,&quot;tablet&quot;,&quot;mobile&quot;]}\">\n\t\t\t\t<div class=\"elementor-element elementor-element-ff98096 animated-slow elementor-invisible elementor-widget elementor-widget-heading\" data-id=\"ff98096\" data-element_type=\"widget\" data-e-type=\"widget\" data-settings=\"{&quot;_animation&quot;:&quot;fadeInUp&quot;,&quot;_animation_delay&quot;:400}\" data-widget_type=\"heading.default\">\n\t\t\t\t\t<h1 class=\"elementor-heading-title elementor-size-default\">Salons<\/h1>\t\t\t\t<\/div>\n\t\t\t\t<\/div>\n\t\t<div class=\"elementor-element elementor-element-ae7af22 e-flex e-con-boxed e-con e-parent\" data-id=\"ae7af22\" data-element_type=\"container\" data-e-type=\"container\">\n\t\t\t\t\t<div class=\"e-con-inner\">\n\t\t\t\t<div class=\"elementor-element elementor-element-9204d19 elementor-widget elementor-widget-text-editor\" data-id=\"9204d19\" data-element_type=\"widget\" data-e-type=\"widget\" data-widget_type=\"text-editor.default\">\n\t\t\t\t\t\t\t\t\t<p data-start=\"41\" data-end=\"166\">Le Ch\u00e2teau La Croizille vous donne rendez-vous tout au long de l\u2019ann\u00e9e sur de nombreux salons des vins \u00e0 travers la France. Venez nous rencontrer : ce sera l\u2019occasion de d\u00e9guster nos cuv\u00e9es et de d\u00e9couvrir l\u2019expression du terroir de Saint-\u00c9milion Grand Cru, entre \u00e9l\u00e9gance et fra\u00eecheur.<\/p><p data-start=\"334\" data-end=\"579\" data-is-last-node=\"\" data-is-only-node=\"\"><strong data-start=\"334\" data-end=\"366\">\u00c9CONOMISEZ LES FRAIS DE PORT<\/strong> en commandant \u00e0 l\u2019avance sur notre boutique en ligne avec le code promo d\u00e9di\u00e9, puis r\u00e9cup\u00e9rez votre commande directement sur le salon. Nous serons ravis de vous accueillir sur notre stand et d\u2019\u00e9changer avec vous.<\/p>\t\t\t\t\t\t\t\t<\/div>\n\t\t\t\t\t<\/div>\n\t\t\t\t<\/div>\n\t\t<div class=\"elementor-element elementor-element-01fc326 e-flex e-con-boxed e-con e-parent\" data-id=\"01fc326\" data-element_type=\"container\" data-e-type=\"container\">\n\t\t\t\t\t<div class=\"e-con-inner\">\n\t\t\t\t<div class=\"elementor-element elementor-element-a4528d4 elementor-widget__width-initial staggerscroll elementor-widget elementor-widget-heading\" data-id=\"a4528d4\" data-element_type=\"widget\" data-e-type=\"widget\" data-widget_type=\"heading.default\">\n\t\t\t\t\t<h2 class=\"elementor-heading-title elementor-size-default\">Salons Printemps 2026<\/h2>\t\t\t\t<\/div>\n\t\t<div class=\"elementor-element elementor-element-dccacc3 e-grid e-con-full e-con e-child\" data-id=\"dccacc3\" data-element_type=\"container\" data-e-type=\"container\">\n\t\t<div class=\"elementor-element elementor-element-e51f025 e-con-full e-flex e-con e-child\" data-id=\"e51f025\" data-element_type=\"container\" data-e-type=\"container\">\n\t\t\t\t<div class=\"elementor-element elementor-element-eb7139e elementor-widget elementor-widget-button\" data-id=\"eb7139e\" data-element_type=\"widget\" data-e-type=\"widget\" data-widget_type=\"button.default\">\n\t\t\t\t\t\t\t\t\t\t<a class=\"elementor-button elementor-button-link elementor-size-sm\" href=\"#\">\n\t\t\t\t\t\t<span class=\"elementor-button-content-wrapper\">\n\t\t\t\t\t\t\t\t\t<span class=\"elementor-button-text\">EVIAN-AMPHION (74)<\/span>\n\t\t\t\t\t<\/span>\n\t\t\t\t\t<\/a>\n\t\t\t\t\t\t\t\t<\/div>\n\t\t\t\t<div class=\"elementor-element elementor-element-282b98d elementor-widget elementor-widget-image\" data-id=\"282b98d\" data-element_type=\"widget\" data-e-type=\"widget\" data-widget_type=\"image.default\">\n\t\t\t\t\t\t\t\t\t\t\t\t\t\t\t<img fetchpriority=\"high\" decoding=\"async\" width=\"700\" height=\"560\" src=\"https:\/\/chateaulacroizille.com\/wp-content\/uploads\/2026\/02\/salon-evian.webp\" class=\"attachment-large size-large wp-image-2761\" alt=\"\" srcset=\"https:\/\/chateaulacroizille.com\/wp-content\/uploads\/2026\/02\/salon-evian.webp 700w, https:\/\/chateaulacroizille.com\/wp-content\/uploads\/2026\/02\/salon-evian-300x240.webp 300w, https:\/\/chateaulacroizille.com\/wp-content\/uploads\/2026\/02\/salon-evian-15x12.webp 15w\" sizes=\"(max-width: 700px) 100vw, 700px\" \/>\t\t\t\t\t\t\t\t\t\t\t\t\t\t\t<\/div>\n\t\t\t\t<div class=\"elementor-element elementor-element-d8ed7c5 elementor-widget elementor-widget-heading\" data-id=\"d8ed7c5\" data-element_type=\"widget\" data-e-type=\"widget\" data-widget_type=\"heading.default\">\n\t\t\t\t\t<h2 class=\"elementor-heading-title elementor-size-default\">31\u00e8me SALON DES VIGNERONS IND\u00c9PENDANTS <\/h2>\t\t\t\t<\/div>\n\t\t\t\t<div class=\"elementor-element elementor-element-0d55b67 elementor-widget elementor-widget-heading\" data-id=\"0d55b67\" data-element_type=\"widget\" data-e-type=\"widget\" data-widget_type=\"heading.default\">\n\t\t\t\t\t<h2 class=\"elementor-heading-title elementor-size-default\">du 27 f\u00e9vrier au 2 mars 2026<\/h2>\t\t\t\t<\/div>\n\t\t\t\t<div class=\"elementor-element elementor-element-52ce52b elementor-align-center elementor-widget elementor-widget-button\" data-id=\"52ce52b\" data-element_type=\"widget\" data-e-type=\"widget\" data-widget_type=\"button.default\">\n\t\t\t\t\t\t\t\t\t\t<a class=\"elementor-button elementor-button-link elementor-size-sm\" href=\"#elementor-action%3Aaction%3Dpopup%3Aopen%26settings%3DeyJpZCI6IjI3NjkiLCJ0b2dnbGUiOmZhbHNlfQ%3D%3D\">\n\t\t\t\t\t\t<span class=\"elementor-button-content-wrapper\">\n\t\t\t\t\t\t\t\t\t<span class=\"elementor-button-text\">Votre invitation<\/span>\n\t\t\t\t\t<\/span>\n\t\t\t\t\t<\/a>\n\t\t\t\t\t\t\t\t<\/div>\n\t\t<div class=\"elementor-element elementor-element-65e4802 e-flex e-con-boxed e-con e-child\" data-id=\"65e4802\" data-element_type=\"container\" data-e-type=\"container\">\n\t\t\t\t\t<div class=\"e-con-inner\">\n\t\t\t\t<div class=\"elementor-element elementor-element-86a2ee2 elementor-widget elementor-widget-heading\" data-id=\"86a2ee2\" data-element_type=\"widget\" data-e-type=\"widget\" data-widget_type=\"heading.default\">\n\t\t\t\t\t<h2 class=\"elementor-heading-title elementor-size-default\">Cit\u00e9 de L\u2019Eau Publier<\/h2>\t\t\t\t<\/div>\n\t\t\t\t<div class=\"elementor-element elementor-element-128de40 elementor-widget elementor-widget-heading\" data-id=\"128de40\" data-element_type=\"widget\" data-e-type=\"widget\" data-widget_type=\"heading.default\">\n\t\t\t\t\t<h2 class=\"elementor-heading-title elementor-size-default\">Stand B05<\/h2>\t\t\t\t<\/div>\n\t\t\t\t\t<\/div>\n\t\t\t\t<\/div>\n\t\t\t\t<\/div>\n\t\t<div class=\"elementor-element elementor-element-f53997d e-con-full e-flex e-con e-child\" data-id=\"f53997d\" data-element_type=\"container\" data-e-type=\"container\">\n\t\t\t\t<div class=\"elementor-element elementor-element-187130f elementor-widget elementor-widget-button\" data-id=\"187130f\" data-element_type=\"widget\" data-e-type=\"widget\" data-widget_type=\"button.default\">\n\t\t\t\t\t\t\t\t\t\t<a class=\"elementor-button elementor-button-link elementor-size-sm\" href=\"#\">\n\t\t\t\t\t\t<span class=\"elementor-button-content-wrapper\">\n\t\t\t\t\t\t\t\t\t<span class=\"elementor-button-text\">NOGENT SUR MARNE (94)<\/span>\n\t\t\t\t\t<\/span>\n\t\t\t\t\t<\/a>\n\t\t\t\t\t\t\t\t<\/div>\n\t\t\t\t<div class=\"elementor-element elementor-element-0caefa0 elementor-widget elementor-widget-image\" data-id=\"0caefa0\" data-element_type=\"widget\" data-e-type=\"widget\" data-widget_type=\"image.default\">\n\t\t\t\t\t\t\t\t\t\t\t\t\t\t\t<img decoding=\"async\" width=\"700\" height=\"560\" src=\"https:\/\/chateaulacroizille.com\/wp-content\/uploads\/2026\/02\/salon-nogent.webp\" class=\"attachment-large size-large wp-image-2762\" alt=\"\" srcset=\"https:\/\/chateaulacroizille.com\/wp-content\/uploads\/2026\/02\/salon-nogent.webp 700w, https:\/\/chateaulacroizille.com\/wp-content\/uploads\/2026\/02\/salon-nogent-300x240.webp 300w, https:\/\/chateaulacroizille.com\/wp-content\/uploads\/2026\/02\/salon-nogent-15x12.webp 15w\" sizes=\"(max-width: 700px) 100vw, 700px\" \/>\t\t\t\t\t\t\t\t\t\t\t\t\t\t\t<\/div>\n\t\t\t\t<div class=\"elementor-element elementor-element-2fdc93f elementor-widget elementor-widget-heading\" data-id=\"2fdc93f\" data-element_type=\"widget\" data-e-type=\"widget\" data-widget_type=\"heading.default\">\n\t\t\t\t\t<h2 class=\"elementor-heading-title elementor-size-default\">14\u00e8me SALON DES VIGNERONS IND\u00c9PENDANTS<\/h2>\t\t\t\t<\/div>\n\t\t\t\t<div class=\"elementor-element elementor-element-b36d4b8 elementor-widget elementor-widget-heading\" data-id=\"b36d4b8\" data-element_type=\"widget\" data-e-type=\"widget\" data-widget_type=\"heading.default\">\n\t\t\t\t\t<h2 class=\"elementor-heading-title elementor-size-default\">du 10 au 12 avril 2026<\/h2>\t\t\t\t<\/div>\n\t\t<div class=\"elementor-element elementor-element-ac8dfa7 e-flex e-con-boxed e-con e-child\" data-id=\"ac8dfa7\" data-element_type=\"container\" data-e-type=\"container\">\n\t\t\t\t\t<div class=\"e-con-inner\">\n\t\t\t\t<div class=\"elementor-element elementor-element-92d600f elementor-align-center elementor-widget elementor-widget-button\" data-id=\"92d600f\" data-element_type=\"widget\" data-e-type=\"widget\" data-widget_type=\"button.default\">\n\t\t\t\t\t\t\t\t\t\t<a class=\"elementor-button elementor-button-link elementor-size-sm\" href=\"#elementor-action%3Aaction%3Dpopup%3Aopen%26settings%3DeyJpZCI6IjI3NjkiLCJ0b2dnbGUiOmZhbHNlfQ%3D%3D\">\n\t\t\t\t\t\t<span class=\"elementor-button-content-wrapper\">\n\t\t\t\t\t\t\t\t\t<span class=\"elementor-button-text\">Votre invitation<\/span>\n\t\t\t\t\t<\/span>\n\t\t\t\t\t<\/a>\n\t\t\t\t\t\t\t\t<\/div>\n\t\t\t\t<div class=\"elementor-element elementor-element-9f9b84e elementor-align-center elementor-widget elementor-widget-button\" data-id=\"9f9b84e\" data-element_type=\"widget\" data-e-type=\"widget\" data-widget_type=\"button.default\">\n\t\t\t\t\t\t\t\t\t\t<a class=\"elementor-button elementor-button-link elementor-size-sm\" href=\"https:\/\/demourshop.com\/boutique\/\" target=\"_blank\">\n\t\t\t\t\t\t<span class=\"elementor-button-content-wrapper\">\n\t\t\t\t\t\t\t\t\t<span class=\"elementor-button-text\">COMMANDEZ<\/span>\n\t\t\t\t\t<\/span>\n\t\t\t\t\t<\/a>\n\t\t\t\t\t\t\t\t<\/div>\n\t\t\t\t\t<\/div>\n\t\t\t\t<\/div>\n\t\t\t\t<div class=\"elementor-element elementor-element-cc5b018 elementor-widget elementor-widget-heading\" data-id=\"cc5b018\" data-element_type=\"widget\" data-e-type=\"widget\" data-widget_type=\"heading.default\">\n\t\t\t\t\t<h2 class=\"elementor-heading-title elementor-size-default\">CODE PROMO LIVRAISON SALON : NOGENT<\/h2>\t\t\t\t<\/div>\n\t\t<div class=\"elementor-element elementor-element-ed7d06a e-flex e-con-boxed e-con e-child\" data-id=\"ed7d06a\" data-element_type=\"container\" data-e-type=\"container\">\n\t\t\t\t\t<div class=\"e-con-inner\">\n\t\t\t\t<div class=\"elementor-element elementor-element-81db191 elementor-widget elementor-widget-heading\" data-id=\"81db191\" data-element_type=\"widget\" data-e-type=\"widget\" data-widget_type=\"heading.default\">\n\t\t\t\t\t<h2 class=\"elementor-heading-title elementor-size-default\">Pavillon Baltard<\/h2>\t\t\t\t<\/div>\n\t\t\t\t<div class=\"elementor-element elementor-element-e98a015 elementor-widget elementor-widget-heading\" data-id=\"e98a015\" data-element_type=\"widget\" data-e-type=\"widget\" data-widget_type=\"heading.default\">\n\t\t\t\t\t<h2 class=\"elementor-heading-title elementor-size-default\">Stand<\/h2>\t\t\t\t<\/div>\n\t\t\t\t\t<\/div>\n\t\t\t\t<\/div>\n\t\t\t\t<\/div>\n\t\t\t\t<\/div>\n\t\t\t\t\t<\/div>\n\t\t\t\t<\/div>\n\t\t\t\t<\/div>\n\t\t","protected":false},"excerpt":{"rendered":"<p>Salons Le Ch\u00e2teau La Croizille vous donne rendez-vous tout au long de l\u2019ann\u00e9e sur de nombreux salons des vins \u00e0 travers la France. Venez nous rencontrer : ce sera l\u2019occasion de d\u00e9guster nos cuv\u00e9es et de d\u00e9couvrir l\u2019expression du terroir de Saint-\u00c9milion Grand Cru, entre \u00e9l\u00e9gance et fra\u00eecheur. \u00c9CONOMISEZ LES FRAIS DE PORT en commandant [&hellip;]<\/p>\n","protected":false},"author":1,"featured_media":0,"parent":0,"menu_order":0,"comment_status":"closed","ping_status":"closed","template":"","meta":{"footnotes":""},"class_list":["post-2748","page","type-page","status-publish","hentry"],"yoast_head":"<!-- This site is optimized with the Yoast SEO plugin v27.2 - https:\/\/yoast.com\/product\/yoast-seo-wordpress\/ -->\n<title>Salons -<\/title>\n<meta name=\"robots\" content=\"index, follow, max-snippet:-1, max-image-preview:large, max-video-preview:-1\" \/>\n<link rel=\"canonical\" href=\"https:\/\/chateaulacroizille.com\/en\/salons\/\" \/>\n<meta property=\"og:locale\" content=\"en_GB\" \/>\n<meta property=\"og:type\" content=\"article\" \/>\n<meta property=\"og:title\" content=\"Salons -\" \/>\n<meta property=\"og:description\" content=\"Salons Le Ch\u00e2teau La Croizille vous donne rendez-vous tout au long de l\u2019ann\u00e9e sur de nombreux salons des vins \u00e0 travers la France. Venez nous rencontrer : ce sera l\u2019occasion de d\u00e9guster nos cuv\u00e9es et de d\u00e9couvrir l\u2019expression du terroir de Saint-\u00c9milion Grand Cru, entre \u00e9l\u00e9gance et fra\u00eecheur. \u00c9CONOMISEZ LES FRAIS DE PORT en commandant [&hellip;]\" \/>\n<meta property=\"og:url\" content=\"https:\/\/chateaulacroizille.com\/en\/salons\/\" \/>\n<meta property=\"article:publisher\" content=\"https:\/\/www.facebook.com\/lacroizille\" \/>\n<meta property=\"article:modified_time\" content=\"2026-02-26T09:20:43+00:00\" \/>\n<meta property=\"og:image\" content=\"https:\/\/chateaulacroizille.com\/wp-content\/uploads\/2026\/02\/salon-evian.webp\" \/>\n\t<meta property=\"og:image:width\" content=\"700\" \/>\n\t<meta property=\"og:image:height\" content=\"560\" \/>\n\t<meta property=\"og:image:type\" content=\"image\/webp\" \/>\n<meta name=\"twitter:card\" content=\"summary_large_image\" \/>\n<meta name=\"twitter:label1\" content=\"Estimated reading time\" \/>\n\t<meta name=\"twitter:data1\" content=\"1 minute\" \/>\n<script type=\"application\/ld+json\" class=\"yoast-schema-graph\">{\"@context\":\"https:\/\/schema.org\",\"@graph\":[{\"@type\":\"WebPage\",\"@id\":\"https:\/\/chateaulacroizille.com\/salons\/\",\"url\":\"https:\/\/chateaulacroizille.com\/salons\/\",\"name\":\"Salons -\",\"isPartOf\":{\"@id\":\"https:\/\/chateaulacroizille.com\/#website\"},\"primaryImageOfPage\":{\"@id\":\"https:\/\/chateaulacroizille.com\/salons\/#primaryimage\"},\"image\":{\"@id\":\"https:\/\/chateaulacroizille.com\/salons\/#primaryimage\"},\"thumbnailUrl\":\"https:\/\/chateaulacroizille.com\/wp-content\/uploads\/2026\/02\/salon-evian.webp\",\"datePublished\":\"2026-02-25T10:12:32+00:00\",\"dateModified\":\"2026-02-26T09:20:43+00:00\",\"breadcrumb\":{\"@id\":\"https:\/\/chateaulacroizille.com\/salons\/#breadcrumb\"},\"inLanguage\":\"en-GB\",\"potentialAction\":[{\"@type\":\"ReadAction\",\"target\":[\"https:\/\/chateaulacroizille.com\/salons\/\"]}]},{\"@type\":\"ImageObject\",\"inLanguage\":\"en-GB\",\"@id\":\"https:\/\/chateaulacroizille.com\/salons\/#primaryimage\",\"url\":\"https:\/\/chateaulacroizille.com\/wp-content\/uploads\/2026\/02\/salon-evian.webp\",\"contentUrl\":\"https:\/\/chateaulacroizille.com\/wp-content\/uploads\/2026\/02\/salon-evian.webp\"},{\"@type\":\"BreadcrumbList\",\"@id\":\"https:\/\/chateaulacroizille.com\/salons\/#breadcrumb\",\"itemListElement\":[{\"@type\":\"ListItem\",\"position\":1,\"name\":\"Accueil\",\"item\":\"https:\/\/chateaulacroizille.com\/\"},{\"@type\":\"ListItem\",\"position\":2,\"name\":\"Salons\"}]},{\"@type\":\"WebSite\",\"@id\":\"https:\/\/chateaulacroizille.com\/#website\",\"url\":\"https:\/\/chateaulacroizille.com\/\",\"name\":\"Ch\u00e2teaulacroizille\",\"description\":\"\",\"publisher\":{\"@id\":\"https:\/\/chateaulacroizille.com\/#organization\"},\"potentialAction\":[{\"@type\":\"SearchAction\",\"target\":{\"@type\":\"EntryPoint\",\"urlTemplate\":\"https:\/\/chateaulacroizille.com\/?s={search_term_string}\"},\"query-input\":{\"@type\":\"PropertyValueSpecification\",\"valueRequired\":true,\"valueName\":\"search_term_string\"}}],\"inLanguage\":\"en-GB\"},{\"@type\":\"Organization\",\"@id\":\"https:\/\/chateaulacroizille.com\/#organization\",\"name\":\"Ch\u00e2teaulacroizille\",\"url\":\"https:\/\/chateaulacroizille.com\/\",\"logo\":{\"@type\":\"ImageObject\",\"inLanguage\":\"en-GB\",\"@id\":\"https:\/\/chateaulacroizille.com\/#\/schema\/logo\/image\/\",\"url\":\"https:\/\/chateaulacroizille.com\/wp-content\/uploads\/2025\/07\/cropped-Logo-La-Croizille-noir-copie.png\",\"contentUrl\":\"https:\/\/chateaulacroizille.com\/wp-content\/uploads\/2025\/07\/cropped-Logo-La-Croizille-noir-copie.png\",\"width\":842,\"height\":453,\"caption\":\"Ch\u00e2teaulacroizille\"},\"image\":{\"@id\":\"https:\/\/chateaulacroizille.com\/#\/schema\/logo\/image\/\"},\"sameAs\":[\"https:\/\/www.facebook.com\/lacroizille\",\"https:\/\/www.instagram.com\/la_croizille\/\"]}]}<\/script>\n<!-- \/ Yoast SEO plugin. -->","yoast_head_json":{"title":"Salons -","robots":{"index":"index","follow":"follow","max-snippet":"max-snippet:-1","max-image-preview":"max-image-preview:large","max-video-preview":"max-video-preview:-1"},"canonical":"https:\/\/chateaulacroizille.com\/en\/salons\/","og_locale":"en_GB","og_type":"article","og_title":"Salons -","og_description":"Salons Le Ch\u00e2teau La Croizille vous donne rendez-vous tout au long de l\u2019ann\u00e9e sur de nombreux salons des vins \u00e0 travers la France. Venez nous rencontrer : ce sera l\u2019occasion de d\u00e9guster nos cuv\u00e9es et de d\u00e9couvrir l\u2019expression du terroir de Saint-\u00c9milion Grand Cru, entre \u00e9l\u00e9gance et fra\u00eecheur. \u00c9CONOMISEZ LES FRAIS DE PORT en commandant [&hellip;]","og_url":"https:\/\/chateaulacroizille.com\/en\/salons\/","article_publisher":"https:\/\/www.facebook.com\/lacroizille","article_modified_time":"2026-02-26T09:20:43+00:00","og_image":[{"width":700,"height":560,"url":"https:\/\/chateaulacroizille.com\/wp-content\/uploads\/2026\/02\/salon-evian.webp","type":"image\/webp"}],"twitter_card":"summary_large_image","twitter_misc":{"Estimated reading time":"1 minute"},"schema":{"@context":"https:\/\/schema.org","@graph":[{"@type":"WebPage","@id":"https:\/\/chateaulacroizille.com\/salons\/","url":"https:\/\/chateaulacroizille.com\/salons\/","name":"Salons -","isPartOf":{"@id":"https:\/\/chateaulacroizille.com\/#website"},"primaryImageOfPage":{"@id":"https:\/\/chateaulacroizille.com\/salons\/#primaryimage"},"image":{"@id":"https:\/\/chateaulacroizille.com\/salons\/#primaryimage"},"thumbnailUrl":"https:\/\/chateaulacroizille.com\/wp-content\/uploads\/2026\/02\/salon-evian.webp","datePublished":"2026-02-25T10:12:32+00:00","dateModified":"2026-02-26T09:20:43+00:00","breadcrumb":{"@id":"https:\/\/chateaulacroizille.com\/salons\/#breadcrumb"},"inLanguage":"en-GB","potentialAction":[{"@type":"ReadAction","target":["https:\/\/chateaulacroizille.com\/salons\/"]}]},{"@type":"ImageObject","inLanguage":"en-GB","@id":"https:\/\/chateaulacroizille.com\/salons\/#primaryimage","url":"https:\/\/chateaulacroizille.com\/wp-content\/uploads\/2026\/02\/salon-evian.webp","contentUrl":"https:\/\/chateaulacroizille.com\/wp-content\/uploads\/2026\/02\/salon-evian.webp"},{"@type":"BreadcrumbList","@id":"https:\/\/chateaulacroizille.com\/salons\/#breadcrumb","itemListElement":[{"@type":"ListItem","position":1,"name":"Accueil","item":"https:\/\/chateaulacroizille.com\/"},{"@type":"ListItem","position":2,"name":"Salons"}]},{"@type":"WebSite","@id":"https:\/\/chateaulacroizille.com\/#website","url":"https:\/\/chateaulacroizille.com\/","name":"Ch\u00e2teaulacroizille","description":"","publisher":{"@id":"https:\/\/chateaulacroizille.com\/#organization"},"potentialAction":[{"@type":"SearchAction","target":{"@type":"EntryPoint","urlTemplate":"https:\/\/chateaulacroizille.com\/?s={search_term_string}"},"query-input":{"@type":"PropertyValueSpecification","valueRequired":true,"valueName":"search_term_string"}}],"inLanguage":"en-GB"},{"@type":"Organization","@id":"https:\/\/chateaulacroizille.com\/#organization","name":"Ch\u00e2teaulacroizille","url":"https:\/\/chateaulacroizille.com\/","logo":{"@type":"ImageObject","inLanguage":"en-GB","@id":"https:\/\/chateaulacroizille.com\/#\/schema\/logo\/image\/","url":"https:\/\/chateaulacroizille.com\/wp-content\/uploads\/2025\/07\/cropped-Logo-La-Croizille-noir-copie.png","contentUrl":"https:\/\/chateaulacroizille.com\/wp-content\/uploads\/2025\/07\/cropped-Logo-La-Croizille-noir-copie.png","width":842,"height":453,"caption":"Ch\u00e2teaulacroizille"},"image":{"@id":"https:\/\/chateaulacroizille.com\/#\/schema\/logo\/image\/"},"sameAs":["https:\/\/www.facebook.com\/lacroizille","https:\/\/www.instagram.com\/la_croizille\/"]}]}},"_links":{"self":[{"href":"https:\/\/chateaulacroizille.com\/en\/wp-json\/wp\/v2\/pages\/2748","targetHints":{"allow":["GET"]}}],"collection":[{"href":"https:\/\/chateaulacroizille.com\/en\/wp-json\/wp\/v2\/pages"}],"about":[{"href":"https:\/\/chateaulacroizille.com\/en\/wp-json\/wp\/v2\/types\/page"}],"author":[{"embeddable":true,"href":"https:\/\/chateaulacroizille.com\/en\/wp-json\/wp\/v2\/users\/1"}],"replies":[{"embeddable":true,"href":"https:\/\/chateaulacroizille.com\/en\/wp-json\/wp\/v2\/comments?post=2748"}],"version-history":[{"count":20,"href":"https:\/\/chateaulacroizille.com\/en\/wp-json\/wp\/v2\/pages\/2748\/revisions"}],"predecessor-version":[{"id":2783,"href":"https:\/\/chateaulacroizille.com\/en\/wp-json\/wp\/v2\/pages\/2748\/revisions\/2783"}],"wp:attachment":[{"href":"https:\/\/chateaulacroizille.com\/en\/wp-json\/wp\/v2\/media?parent=2748"}],"curies":[{"name":"wp","href":"https:\/\/api.w.org\/{rel}","templated":true}]}}