{"id":23,"date":"2025-07-22T10:37:50","date_gmt":"2025-07-22T10:37:50","guid":{"rendered":"http:\/\/site.chateaulacroizille.com\/?page_id=23"},"modified":"2026-01-26T13:59:22","modified_gmt":"2026-01-26T13:59:22","slug":"receptif","status":"publish","type":"page","link":"https:\/\/chateaulacroizille.com\/en\/receptif\/","title":{"rendered":"Receptive"},"content":{"rendered":"\t\t<div data-elementor-type=\"wp-page\" data-elementor-id=\"23\" class=\"elementor elementor-23\" data-elementor-post-type=\"page\">\n\t\t\t\t<div class=\"elementor-element elementor-element-66372c1 e-con-full e-flex elementor-invisible e-con e-parent\" data-id=\"66372c1\" data-element_type=\"container\" data-e-type=\"container\" data-settings=\"{&quot;background_background&quot;:&quot;classic&quot;,&quot;motion_fx_motion_fx_scrolling&quot;:&quot;yes&quot;,&quot;animation&quot;:&quot;fadeInUp&quot;,&quot;motion_fx_devices&quot;:[&quot;desktop&quot;,&quot;tablet&quot;,&quot;mobile&quot;]}\">\n\t\t\t\t<div class=\"elementor-element elementor-element-36914e0 animated-slow elementor-invisible elementor-widget elementor-widget-heading\" data-id=\"36914e0\" data-element_type=\"widget\" data-e-type=\"widget\" data-settings=\"{&quot;_animation&quot;:&quot;fadeInUp&quot;,&quot;_animation_delay&quot;:400}\" data-widget_type=\"heading.default\">\n\t\t\t\t\t<h1 class=\"elementor-heading-title elementor-size-default\">R\u00e9ceptif<\/h1>\t\t\t\t<\/div>\n\t\t\t\t<\/div>\n\t\t<div class=\"elementor-element elementor-element-efeea0c e-flex e-con-boxed e-con e-parent\" data-id=\"efeea0c\" data-element_type=\"container\" data-e-type=\"container\">\n\t\t\t\t\t<div class=\"e-con-inner\">\n\t\t\t\t<div class=\"elementor-element elementor-element-b22eea7 staggerscroll elementor-widget elementor-widget-text-editor\" data-id=\"b22eea7\" data-element_type=\"widget\" data-e-type=\"widget\" data-widget_type=\"text-editor.default\">\n\t\t\t\t\t\t\t\t\t<p>Organisez vos s\u00e9minaires, team building ou soir\u00e9es priv\u00e9es dans un ch\u00e2teau embl\u00e9matique de Saint-\u00c9milion, avec <span style=\"color: #f05a28;\"> une vue imprenable<\/span> sur un paysage class\u00e9 \u00e0 l\u2019UNESCO.<\/p>\t\t\t\t\t\t\t\t<\/div>\n\t\t\t\t\t<\/div>\n\t\t\t\t<\/div>\n\t\t<div class=\"elementor-element elementor-element-708be4d e-flex e-con-boxed e-con e-parent\" data-id=\"708be4d\" data-element_type=\"container\" data-e-type=\"container\">\n\t\t\t\t\t<div class=\"e-con-inner\">\n\t\t\t\t<div class=\"elementor-element elementor-element-f86bcf8 staggerscroll elementor-widget elementor-widget-heading\" data-id=\"f86bcf8\" data-element_type=\"widget\" data-e-type=\"widget\" data-widget_type=\"heading.default\">\n\t\t\t\t\t<h2 class=\"elementor-heading-title elementor-size-default\">Nos espaces de r\u00e9ceptions<\/h2>\t\t\t\t<\/div>\n\t\t\t\t\t<\/div>\n\t\t\t\t<\/div>\n\t\t<div class=\"elementor-element elementor-element-87e7910 elementor-hidden-desktop e-flex e-con-boxed e-con e-parent\" data-id=\"87e7910\" data-element_type=\"container\" data-e-type=\"container\" data-settings=\"{&quot;background_background&quot;:&quot;classic&quot;}\">\n\t\t\t\t\t<div class=\"e-con-inner\">\n\t\t\t\t<div class=\"elementor-element elementor-element-4aa4617 elementor-widget elementor-widget-heading\" data-id=\"4aa4617\" data-element_type=\"widget\" data-e-type=\"widget\" data-widget_type=\"heading.default\">\n\t\t\t\t\t<h2 class=\"elementor-heading-title elementor-size-default\"><a href=\"#elementor-action%3Aaction%3Dpopup%3Aopen%26settings%3DeyJpZCI6IjEzNjgiLCJ0b2dnbGUiOmZhbHNlfQ%3D%3D\">SALLE PANORAMIQUE<\/a><\/h2>\t\t\t\t<\/div>\n\t\t\t\t\t<\/div>\n\t\t\t\t<\/div>\n\t\t<div class=\"elementor-element elementor-element-8178f10 elementor-hidden-desktop e-flex e-con-boxed e-con e-parent\" data-id=\"8178f10\" data-element_type=\"container\" data-e-type=\"container\" data-settings=\"{&quot;background_background&quot;:&quot;classic&quot;}\">\n\t\t\t\t\t<div class=\"e-con-inner\">\n\t\t\t\t<div class=\"elementor-element elementor-element-481e8fc elementor-widget elementor-widget-heading\" data-id=\"481e8fc\" data-element_type=\"widget\" data-e-type=\"widget\" data-widget_type=\"heading.default\">\n\t\t\t\t\t<h2 class=\"elementor-heading-title elementor-size-default\"><a href=\"#elementor-action%3Aaction%3Dpopup%3Aopen%26settings%3DeyJpZCI6IjEzNjgiLCJ0b2dnbGUiOmZhbHNlfQ%3D%3D\">SALLE DE R\u00c9UNION<\/a><\/h2>\t\t\t\t<\/div>\n\t\t\t\t\t<\/div>\n\t\t\t\t<\/div>\n\t\t<div class=\"elementor-element elementor-element-25385ee elementor-hidden-desktop e-flex e-con-boxed e-con e-parent\" data-id=\"25385ee\" data-element_type=\"container\" data-e-type=\"container\" data-settings=\"{&quot;background_background&quot;:&quot;classic&quot;}\">\n\t\t\t\t\t<div class=\"e-con-inner\">\n\t\t\t\t<div class=\"elementor-element elementor-element-3254e31 elementor-widget elementor-widget-heading\" data-id=\"3254e31\" data-element_type=\"widget\" data-e-type=\"widget\" data-widget_type=\"heading.default\">\n\t\t\t\t\t<h2 class=\"elementor-heading-title elementor-size-default\"><a href=\"#elementor-action%3Aaction%3Dpopup%3Aopen%26settings%3DeyJpZCI6IjEzNjgiLCJ0b2dnbGUiOmZhbHNlfQ%3D%3D\">TERRASSE PANORAMIQUE<\/a><\/h2>\t\t\t\t<\/div>\n\t\t\t\t\t<\/div>\n\t\t\t\t<\/div>\n\t\t<div class=\"elementor-element elementor-element-ccb7138 elementor-hidden-mobile e-flex e-con-boxed e-con e-parent\" data-id=\"ccb7138\" data-element_type=\"container\" data-e-type=\"container\">\n\t\t\t\t\t<div class=\"e-con-inner\">\n\t\t\t\t<div class=\"elementor-element elementor-element-90f8480 elementor-widget elementor-widget-html\" data-id=\"90f8480\" data-element_type=\"widget\" data-e-type=\"widget\" data-widget_type=\"html.default\">\n\t\t\t\t\t<script>\n(function(){\n  const prefersReduced = window.matchMedia('(prefers-reduced-motion: reduce)').matches;\n  const canHover       = window.matchMedia('(hover: hover)').matches;\n\n  \/\/ on consid\u00e8re \"mobile\" sous 768px (tu peux ajuster)\n  const isSmallScreen = () => window.innerWidth < 768;\n\n  \/\/ Si l\u2019utilisateur pr\u00e9f\u00e8re moins d\u2019animations ou qu\u2019il n\u2019y a pas de vrai hover,\n  \/\/ on ne fait rien.\n  if (prefersReduced || !canHover || isSmallScreen()) {\n    return;\n  }\n\n  function handleMove(e){\n    const card = e.currentTarget;\n    const rect = card.getBoundingClientRect();\n    const x = (e.clientX - rect.left) \/ rect.width - 0.5;  \/\/ -0.5 \u2192 0.5\n    const y = (e.clientY - rect.top)  \/ rect.height - 0.5;\n\n    const maxTilt = 8; \/\/ m\u00eame valeur que dans ton CSS (var --rx \/ --ry)\n    const ry =  (x * maxTilt).toFixed(2);   \/\/ rotation Y (gauche\/droite)\n    const rx = (-y * maxTilt).toFixed(2);   \/\/ rotation X (haut\/bas)\n\n    card.style.setProperty('--ry', ry + 'deg');\n    card.style.setProperty('--rx', rx + 'deg');\n  }\n\n  function resetTilt(e){\n    const card = e.currentTarget;\n    card.style.setProperty('--ry', '0deg');\n    card.style.setProperty('--rx', '0deg');\n  }\n\n  function initTilt(){\n    const cards = document.querySelectorAll('.venue-card');\n\n    cards.forEach(card => {\n      \/\/ Pour \u00e9viter de doubler les listeners (notamment avec Elementor)\n      if (card.dataset.tiltBound === 'true') return;\n      card.dataset.tiltBound = 'true';\n\n      card.addEventListener('mousemove', handleMove);\n      card.addEventListener('mouseleave', resetTilt);\n    });\n  }\n\n  \/\/ DOM pr\u00eat\n  if (document.readyState === 'loading') {\n    document.addEventListener('DOMContentLoaded', initTilt);\n  } else {\n    initTilt();\n  }\n\n  \/\/ Si Elementor recharge du contenu dynamiquement\n  if (window.elementorFrontend) {\n    window.addEventListener('elementor\/frontend\/init', initTilt);\n  }\n})();\n<\/script>\n\t\t\t\t<\/div>\n\t\t\t\t<div class=\"elementor-element elementor-element-830e269 elementor-widget elementor-widget-html\" data-id=\"830e269\" data-element_type=\"widget\" data-e-type=\"widget\" data-widget_type=\"html.default\">\n\t\t\t\t\t<div class=\"venue-grid\">\n  <!-- CARD 1 -->\n  <article class=\"venue-card\" aria-label=\"Salle de R\u00e9ception\">\n    <img decoding=\"async\" class=\"venue-media\" src=\"http:\/\/site.chateaulacroizille.com\/wp-content\/uploads\/2025\/11\/salle-principale-la-croizille_Jaune.jpg\" alt=\"Salle de r\u00e9ception moderne\">\n    <div class=\"venue-scrim\" aria-hidden=\"true\"><\/div>\n\n    <h3 class=\"venue-title\">Salle Panoramique<\/h3>\n\n    <div class=\"venue-footer\">\n      <span class=\"venue-chip\" style=\"--i:0\">\n        <img decoding=\"async\" src=\"https:\/\/site.chateaulacroizille.com\/wp-content\/uploads\/2025\/10\/contour-dassiette-et-de-couverts.png\" alt=\"ic\u00f4ne couvert\" width=\"18\" height=\"18\">\n        <span class=\"value\">100 pers<\/span>\n      <\/span>\n      <span class=\"venue-chip\" style=\"--i:1\">\n        <img decoding=\"async\" src=\"https:\/\/site.chateaulacroizille.com\/wp-content\/uploads\/2025\/10\/cocktail.png\" alt=\"ic\u00f4ne cocktail\" width=\"18\" height=\"18\">\n        <span class=\"value\">150 pers<\/span>\n      <\/span>\n      <span class=\"venue-chip\" style=\"--i:1\">\n        <img decoding=\"async\" src=\"http:\/\/site.chateaulacroizille.com\/wp-content\/uploads\/2025\/11\/presentation.png\" alt=\"ic\u00f4ne cocktail\" width=\"18\" height=\"18\">\n        <span class=\"value\">80 pers<\/span>\n      <\/span>\n    <\/div>\n\n    <!-- data-popup = ID de la popup Elementor \u00e0 ouvrir -->\n    <a class=\"venue-link\" href=\"#\" data-popup=\"1368\" role=\"button\" tabindex=\"0\" aria-label=\"Ouvrir la fiche Salle du Ch\u00e2teau\"><\/a>\n  <\/article>\n\n  <!-- CARD 2 -->\n  <article class=\"venue-card\" aria-label=\"Chai \u00e0 Barrique\">\n    <img decoding=\"async\" class=\"venue-media\" src=\"http:\/\/site.chateaulacroizille.com\/wp-content\/uploads\/2025\/11\/salle-de-reunion.jpg\" alt=\"Chai \u00e0 barrique\">\n    <div class=\"venue-scrim\" aria-hidden=\"true\"><\/div>\n\n    <h3 class=\"venue-title\">Salle de r\u00e9union<\/h3>\n\n    <div class=\"venue-footer\">\n      \n      <span class=\"venue-chip\" style=\"--i:1\">\n        <img loading=\"lazy\" decoding=\"async\" src=\"http:\/\/site.chateaulacroizille.com\/wp-content\/uploads\/2025\/11\/reunion-du-conseil-dadministration.png\" width=\"18\" height=\"18\">\n        <span class=\"value\">10 pers<\/span>\n      <\/span>\n    <\/div>\n\n    <a class=\"venue-link\" href=\"#\" data-popup=\"1336\" role=\"button\" tabindex=\"0\" aria-label=\"Ouvrir la fiche Chai \u00e0 Barrique\"><\/a>\n  <\/article>\n<article class=\"venue-card\" aria-label=\"Salle de R\u00e9ception\">\n    <img decoding=\"async\" class=\"venue-media\" src=\"http:\/\/site.chateaulacroizille.com\/wp-content\/uploads\/2025\/10\/air-de-piqnic.jpg\" alt=\"Salle de r\u00e9ception moderne\">\n    <div class=\"venue-scrim\" aria-hidden=\"true\"><\/div>\n\n    <h3 class=\"venue-title\">La guinguette<\/h3>\n\n    <div class=\"venue-footer\">\n      <span class=\"venue-chip\" style=\"--i:0\">\n        <img decoding=\"async\" src=\"https:\/\/site.chateaulacroizille.com\/wp-content\/uploads\/2025\/10\/contour-dassiette-et-de-couverts.png\" alt=\"ic\u00f4ne couvert\" width=\"18\" height=\"18\">\n        <span class=\"value\">75 pers<\/span>\n      <\/span>\n      <span class=\"venue-chip\" style=\"--i:1\">\n        <img decoding=\"async\" src=\"https:\/\/site.chateaulacroizille.com\/wp-content\/uploads\/2025\/10\/cocktail.png\" alt=\"ic\u00f4ne cocktail\" width=\"18\" height=\"18\">\n        <span class=\"value\">150 pers<\/span>\n      <\/span>\n      \n    <\/div>\n\n    <!-- data-popup = ID de la popup Elementor \u00e0 ouvrir -->\n    <a class=\"venue-link\" href=\"#\" data-popup=\"1818\" role=\"button\" tabindex=\"0\" aria-label=\"Ouvrir la fiche air-de-piqnic\"><\/a>\n  <\/article>\n  \n<\/div>\n\t\t\t\t<\/div>\n\t\t\t\t\t<\/div>\n\t\t\t\t<\/div>\n\t\t<div class=\"elementor-element elementor-element-19ca2da e-flex e-con-boxed e-con e-parent\" data-id=\"19ca2da\" data-element_type=\"container\" data-e-type=\"container\">\n\t\t\t\t\t<div class=\"e-con-inner\">\n\t\t\t\t<div class=\"elementor-element elementor-element-2ae20af elementor-widget__width-initial elementor-widget elementor-widget-text-editor\" data-id=\"2ae20af\" data-element_type=\"widget\" data-e-type=\"widget\" data-widget_type=\"text-editor.default\">\n\t\t\t\t\t\t\t\t\t<ul><li>Offre cl\u00e9 en main : package sp\u00e9cial \u00ab\u00a0s\u00e9minaire\u00a0\u00bb \u00e0 la journ\u00e9e et package sp\u00e9cial \u00ab\u00a0r\u00e9ception priv\u00e9e\u00a0\u00bb au weekend<br \/><br \/><\/li><li>Salle de r\u00e9ception climatis\u00e9e et dans un cadre idyllique Agencement modulable \u00e0 votre demande (r\u00e9union en th\u00e9\u00e2tre, en classe, en U &#8230; repas cocktail, buffet, tables rondes, etc.)<br \/><br \/><\/li><li>Connexion Wifi et toutes connectiques ordinateur\/t\u00e9l\u00e9viseur (vid\u00e9oprojecteur, micro sans fil, enceintes int\u00e9gr\u00e9es, &#8230;)<br \/><br \/><\/li><li>Ascenseur et acc\u00e8s complet aux personnes \u00e0 mobilit\u00e9 r\u00e9duite<br \/><br \/><\/li><li>Vestiaire et sanitaires \u00e0 disposition, parking de 40 places<br \/><br \/><\/li><li>Partenariats avec des traiteurs et artisans locaux, h\u00e9bergements Service traiteur et cuisine professionnelle \u00e9quip\u00e9e, carte de vins offrant une palette repr\u00e9sentative des vins du bordelais<\/li><\/ul>\t\t\t\t\t\t\t\t<\/div>\n\t\t\t\t\t<\/div>\n\t\t\t\t<\/div>\n\t\t<div class=\"elementor-element elementor-element-af13d04 e-con-full e-flex e-con e-parent\" data-id=\"af13d04\" data-element_type=\"container\" data-e-type=\"container\" data-settings=\"{&quot;background_background&quot;:&quot;classic&quot;}\">\n\t\t\t\t<div class=\"elementor-element elementor-element-f72e654 elementor-view-default elementor-widget elementor-widget-icon\" data-id=\"f72e654\" data-element_type=\"widget\" data-e-type=\"widget\" data-widget_type=\"icon.default\">\n\t\t\t\t\t\t\t<div class=\"elementor-icon-wrapper\">\n\t\t\t<a class=\"elementor-icon\" href=\"https:\/\/site.chateaulacroizille.com\/bar-a-vin\/\">\n\t\t\t<svg aria-hidden=\"true\" class=\"e-font-icon-svg e-fas-arrow-alt-circle-right\" viewBox=\"0 0 512 512\" xmlns=\"http:\/\/www.w3.org\/2000\/svg\"><path d=\"M256 8c137 0 248 111 248 248S393 504 256 504 8 393 8 256 119 8 256 8zM140 300h116v70.9c0 10.7 13 16.1 20.5 8.5l114.3-114.9c4.7-4.7 4.7-12.2 0-16.9l-114.3-115c-7.6-7.6-20.5-2.2-20.5 8.5V212H140c-6.6 0-12 5.4-12 12v64c0 6.6 5.4 12 12 12z\"><\/path><\/svg>\t\t\t<\/a>\n\t\t<\/div>\n\t\t\t\t\t\t<\/div>\n\t\t\t\t<div class=\"elementor-element elementor-element-29ccaee staggerscroll elementor-widget elementor-widget-heading\" data-id=\"29ccaee\" data-element_type=\"widget\" data-e-type=\"widget\" data-widget_type=\"heading.default\">\n\t\t\t\t\t<h2 class=\"elementor-heading-title elementor-size-default\"><a href=\"https:\/\/site.chateaulacroizille.com\/bar-a-vin\/\">bar \u00e0 vin<\/a><\/h2>\t\t\t\t<\/div>\n\t\t\t\t<div class=\"elementor-element elementor-element-11817f9 elementor-invisible elementor-widget elementor-widget-text-editor\" data-id=\"11817f9\" data-element_type=\"widget\" data-e-type=\"widget\" data-settings=\"{&quot;_animation&quot;:&quot;fadeInUp&quot;}\" data-widget_type=\"text-editor.default\">\n\t\t\t\t\t\t\t\t\t<p>D\u00e9couvez notre terrasse panoramique<\/p>\t\t\t\t\t\t\t\t<\/div>\n\t\t\t\t<\/div>\n\t\t\t\t<\/div>\n\t\t","protected":false},"excerpt":{"rendered":"<p>R\u00e9ceptif Organisez vos s\u00e9minaires, team building ou soir\u00e9es priv\u00e9es dans un ch\u00e2teau embl\u00e9matique de Saint-\u00c9milion, avec une vue imprenable sur un paysage class\u00e9 \u00e0 l\u2019UNESCO. Nos espaces de r\u00e9ceptions SALLE PANORAMIQUE SALLE DE R\u00c9UNION TERRASSE PANORAMIQUE Salle Panoramique 100 pers 150 pers 80 pers Salle de r\u00e9union 10 pers La guinguette 75 pers 150 pers [&hellip;]<\/p>\n","protected":false},"author":1,"featured_media":0,"parent":0,"menu_order":0,"comment_status":"closed","ping_status":"closed","template":"","meta":{"footnotes":""},"class_list":["post-23","page","type-page","status-publish","hentry"],"yoast_head":"<!-- This site is optimized with the Yoast SEO plugin v27.4 - https:\/\/yoast.com\/product\/yoast-seo-wordpress\/ -->\n<title>R\u00e9ceptif &amp; s\u00e9minaires \u00e0 Saint-\u00c9milion | Ch\u00e2teau La Croizille<\/title>\n<meta name=\"description\" content=\"Organisez votre \u00e9v\u00e9nement \u00e0 Saint-\u00c9milion : s\u00e9minaires, privatisations et r\u00e9ceptions au Ch\u00e2teau La Croizille. Cadre viticole, espaces modulables, offres sur mesure.\" \/>\n<meta name=\"robots\" content=\"index, follow, max-snippet:-1, max-image-preview:large, max-video-preview:-1\" \/>\n<link rel=\"canonical\" href=\"https:\/\/chateaulacroizille.com\/en\/receptif\/\" \/>\n<meta property=\"og:locale\" content=\"en_GB\" \/>\n<meta property=\"og:type\" content=\"article\" \/>\n<meta property=\"og:title\" content=\"R\u00e9ceptif &amp; s\u00e9minaires \u00e0 Saint-\u00c9milion | Ch\u00e2teau La Croizille\" \/>\n<meta property=\"og:description\" content=\"Organisez votre \u00e9v\u00e9nement \u00e0 Saint-\u00c9milion : s\u00e9minaires, privatisations et r\u00e9ceptions au Ch\u00e2teau La Croizille. Cadre viticole, espaces modulables, offres sur mesure.\" \/>\n<meta property=\"og:url\" content=\"https:\/\/chateaulacroizille.com\/en\/receptif\/\" \/>\n<meta property=\"article:publisher\" content=\"https:\/\/www.facebook.com\/lacroizille\" \/>\n<meta property=\"article:modified_time\" content=\"2026-01-26T13:59:22+00:00\" \/>\n<meta property=\"og:image\" content=\"https:\/\/chateaulacroizille.com\/\/wp-content\/uploads\/2025\/11\/salle-principale-la-croizille_Jaune.jpg\" \/>\n<meta name=\"twitter:card\" content=\"summary_large_image\" \/>\n<meta name=\"twitter:label1\" content=\"Estimated reading time\" \/>\n\t<meta name=\"twitter:data1\" content=\"4 minutes\" \/>\n<script type=\"application\/ld+json\" class=\"yoast-schema-graph\">{\"@context\":\"https:\\\/\\\/schema.org\",\"@graph\":[{\"@type\":\"WebPage\",\"@id\":\"https:\\\/\\\/chateaulacroizille.com\\\/receptif\\\/\",\"url\":\"https:\\\/\\\/chateaulacroizille.com\\\/receptif\\\/\",\"name\":\"R\u00e9ceptif & s\u00e9minaires \u00e0 Saint-\u00c9milion | Ch\u00e2teau La Croizille\",\"isPartOf\":{\"@id\":\"https:\\\/\\\/chateaulacroizille.com\\\/#website\"},\"primaryImageOfPage\":{\"@id\":\"https:\\\/\\\/chateaulacroizille.com\\\/receptif\\\/#primaryimage\"},\"image\":{\"@id\":\"https:\\\/\\\/chateaulacroizille.com\\\/receptif\\\/#primaryimage\"},\"thumbnailUrl\":\"https:\\\/\\\/chateaulacroizille.com\\\/\\\/wp-content\\\/uploads\\\/2025\\\/11\\\/salle-principale-la-croizille_Jaune.jpg\",\"datePublished\":\"2025-07-22T10:37:50+00:00\",\"dateModified\":\"2026-01-26T13:59:22+00:00\",\"description\":\"Organisez votre \u00e9v\u00e9nement \u00e0 Saint-\u00c9milion : s\u00e9minaires, privatisations et r\u00e9ceptions au Ch\u00e2teau La Croizille. Cadre viticole, espaces modulables, offres sur mesure.\",\"breadcrumb\":{\"@id\":\"https:\\\/\\\/chateaulacroizille.com\\\/receptif\\\/#breadcrumb\"},\"inLanguage\":\"en-GB\",\"potentialAction\":[{\"@type\":\"ReadAction\",\"target\":[\"https:\\\/\\\/chateaulacroizille.com\\\/receptif\\\/\"]}]},{\"@type\":\"ImageObject\",\"inLanguage\":\"en-GB\",\"@id\":\"https:\\\/\\\/chateaulacroizille.com\\\/receptif\\\/#primaryimage\",\"url\":\"https:\\\/\\\/chateaulacroizille.com\\\/\\\/wp-content\\\/uploads\\\/2025\\\/11\\\/salle-principale-la-croizille_Jaune.jpg\",\"contentUrl\":\"https:\\\/\\\/chateaulacroizille.com\\\/\\\/wp-content\\\/uploads\\\/2025\\\/11\\\/salle-principale-la-croizille_Jaune.jpg\"},{\"@type\":\"BreadcrumbList\",\"@id\":\"https:\\\/\\\/chateaulacroizille.com\\\/receptif\\\/#breadcrumb\",\"itemListElement\":[{\"@type\":\"ListItem\",\"position\":1,\"name\":\"Accueil\",\"item\":\"https:\\\/\\\/chateaulacroizille.com\\\/\"},{\"@type\":\"ListItem\",\"position\":2,\"name\":\"R\u00e9ceptif\"}]},{\"@type\":\"WebSite\",\"@id\":\"https:\\\/\\\/chateaulacroizille.com\\\/#website\",\"url\":\"https:\\\/\\\/chateaulacroizille.com\\\/\",\"name\":\"Ch\u00e2teaulacroizille\",\"description\":\"\",\"publisher\":{\"@id\":\"https:\\\/\\\/chateaulacroizille.com\\\/#organization\"},\"potentialAction\":[{\"@type\":\"SearchAction\",\"target\":{\"@type\":\"EntryPoint\",\"urlTemplate\":\"https:\\\/\\\/chateaulacroizille.com\\\/?s={search_term_string}\"},\"query-input\":{\"@type\":\"PropertyValueSpecification\",\"valueRequired\":true,\"valueName\":\"search_term_string\"}}],\"inLanguage\":\"en-GB\"},{\"@type\":\"Organization\",\"@id\":\"https:\\\/\\\/chateaulacroizille.com\\\/#organization\",\"name\":\"Ch\u00e2teaulacroizille\",\"url\":\"https:\\\/\\\/chateaulacroizille.com\\\/\",\"logo\":{\"@type\":\"ImageObject\",\"inLanguage\":\"en-GB\",\"@id\":\"https:\\\/\\\/chateaulacroizille.com\\\/#\\\/schema\\\/logo\\\/image\\\/\",\"url\":\"https:\\\/\\\/chateaulacroizille.com\\\/wp-content\\\/uploads\\\/2025\\\/07\\\/cropped-Logo-La-Croizille-noir-copie.png\",\"contentUrl\":\"https:\\\/\\\/chateaulacroizille.com\\\/wp-content\\\/uploads\\\/2025\\\/07\\\/cropped-Logo-La-Croizille-noir-copie.png\",\"width\":842,\"height\":453,\"caption\":\"Ch\u00e2teaulacroizille\"},\"image\":{\"@id\":\"https:\\\/\\\/chateaulacroizille.com\\\/#\\\/schema\\\/logo\\\/image\\\/\"},\"sameAs\":[\"https:\\\/\\\/www.facebook.com\\\/lacroizille\",\"https:\\\/\\\/www.instagram.com\\\/la_croizille\\\/\"]}]}<\/script>\n<!-- \/ Yoast SEO plugin. -->","yoast_head_json":{"title":"R\u00e9ceptif & s\u00e9minaires \u00e0 Saint-\u00c9milion | Ch\u00e2teau La Croizille","description":"Organisez votre \u00e9v\u00e9nement \u00e0 Saint-\u00c9milion : s\u00e9minaires, privatisations et r\u00e9ceptions au Ch\u00e2teau La Croizille. Cadre viticole, espaces modulables, offres sur mesure.","robots":{"index":"index","follow":"follow","max-snippet":"max-snippet:-1","max-image-preview":"max-image-preview:large","max-video-preview":"max-video-preview:-1"},"canonical":"https:\/\/chateaulacroizille.com\/en\/receptif\/","og_locale":"en_GB","og_type":"article","og_title":"R\u00e9ceptif & s\u00e9minaires \u00e0 Saint-\u00c9milion | Ch\u00e2teau La Croizille","og_description":"Organisez votre \u00e9v\u00e9nement \u00e0 Saint-\u00c9milion : s\u00e9minaires, privatisations et r\u00e9ceptions au Ch\u00e2teau La Croizille. Cadre viticole, espaces modulables, offres sur mesure.","og_url":"https:\/\/chateaulacroizille.com\/en\/receptif\/","article_publisher":"https:\/\/www.facebook.com\/lacroizille","article_modified_time":"2026-01-26T13:59:22+00:00","og_image":[{"url":"https:\/\/chateaulacroizille.com\/\/wp-content\/uploads\/2025\/11\/salle-principale-la-croizille_Jaune.jpg","type":"","width":"","height":""}],"twitter_card":"summary_large_image","twitter_misc":{"Estimated reading time":"4 minutes"},"schema":{"@context":"https:\/\/schema.org","@graph":[{"@type":"WebPage","@id":"https:\/\/chateaulacroizille.com\/receptif\/","url":"https:\/\/chateaulacroizille.com\/receptif\/","name":"R\u00e9ceptif & s\u00e9minaires \u00e0 Saint-\u00c9milion | Ch\u00e2teau La Croizille","isPartOf":{"@id":"https:\/\/chateaulacroizille.com\/#website"},"primaryImageOfPage":{"@id":"https:\/\/chateaulacroizille.com\/receptif\/#primaryimage"},"image":{"@id":"https:\/\/chateaulacroizille.com\/receptif\/#primaryimage"},"thumbnailUrl":"https:\/\/chateaulacroizille.com\/\/wp-content\/uploads\/2025\/11\/salle-principale-la-croizille_Jaune.jpg","datePublished":"2025-07-22T10:37:50+00:00","dateModified":"2026-01-26T13:59:22+00:00","description":"Organisez votre \u00e9v\u00e9nement \u00e0 Saint-\u00c9milion : s\u00e9minaires, privatisations et r\u00e9ceptions au Ch\u00e2teau La Croizille. Cadre viticole, espaces modulables, offres sur mesure.","breadcrumb":{"@id":"https:\/\/chateaulacroizille.com\/receptif\/#breadcrumb"},"inLanguage":"en-GB","potentialAction":[{"@type":"ReadAction","target":["https:\/\/chateaulacroizille.com\/receptif\/"]}]},{"@type":"ImageObject","inLanguage":"en-GB","@id":"https:\/\/chateaulacroizille.com\/receptif\/#primaryimage","url":"https:\/\/chateaulacroizille.com\/\/wp-content\/uploads\/2025\/11\/salle-principale-la-croizille_Jaune.jpg","contentUrl":"https:\/\/chateaulacroizille.com\/\/wp-content\/uploads\/2025\/11\/salle-principale-la-croizille_Jaune.jpg"},{"@type":"BreadcrumbList","@id":"https:\/\/chateaulacroizille.com\/receptif\/#breadcrumb","itemListElement":[{"@type":"ListItem","position":1,"name":"Accueil","item":"https:\/\/chateaulacroizille.com\/"},{"@type":"ListItem","position":2,"name":"R\u00e9ceptif"}]},{"@type":"WebSite","@id":"https:\/\/chateaulacroizille.com\/#website","url":"https:\/\/chateaulacroizille.com\/","name":"Ch\u00e2teaulacroizille","description":"","publisher":{"@id":"https:\/\/chateaulacroizille.com\/#organization"},"potentialAction":[{"@type":"SearchAction","target":{"@type":"EntryPoint","urlTemplate":"https:\/\/chateaulacroizille.com\/?s={search_term_string}"},"query-input":{"@type":"PropertyValueSpecification","valueRequired":true,"valueName":"search_term_string"}}],"inLanguage":"en-GB"},{"@type":"Organization","@id":"https:\/\/chateaulacroizille.com\/#organization","name":"Ch\u00e2teaulacroizille","url":"https:\/\/chateaulacroizille.com\/","logo":{"@type":"ImageObject","inLanguage":"en-GB","@id":"https:\/\/chateaulacroizille.com\/#\/schema\/logo\/image\/","url":"https:\/\/chateaulacroizille.com\/wp-content\/uploads\/2025\/07\/cropped-Logo-La-Croizille-noir-copie.png","contentUrl":"https:\/\/chateaulacroizille.com\/wp-content\/uploads\/2025\/07\/cropped-Logo-La-Croizille-noir-copie.png","width":842,"height":453,"caption":"Ch\u00e2teaulacroizille"},"image":{"@id":"https:\/\/chateaulacroizille.com\/#\/schema\/logo\/image\/"},"sameAs":["https:\/\/www.facebook.com\/lacroizille","https:\/\/www.instagram.com\/la_croizille\/"]}]}},"_links":{"self":[{"href":"https:\/\/chateaulacroizille.com\/en\/wp-json\/wp\/v2\/pages\/23","targetHints":{"allow":["GET"]}}],"collection":[{"href":"https:\/\/chateaulacroizille.com\/en\/wp-json\/wp\/v2\/pages"}],"about":[{"href":"https:\/\/chateaulacroizille.com\/en\/wp-json\/wp\/v2\/types\/page"}],"author":[{"embeddable":true,"href":"https:\/\/chateaulacroizille.com\/en\/wp-json\/wp\/v2\/users\/1"}],"replies":[{"embeddable":true,"href":"https:\/\/chateaulacroizille.com\/en\/wp-json\/wp\/v2\/comments?post=23"}],"version-history":[{"count":152,"href":"https:\/\/chateaulacroizille.com\/en\/wp-json\/wp\/v2\/pages\/23\/revisions"}],"predecessor-version":[{"id":2693,"href":"https:\/\/chateaulacroizille.com\/en\/wp-json\/wp\/v2\/pages\/23\/revisions\/2693"}],"wp:attachment":[{"href":"https:\/\/chateaulacroizille.com\/en\/wp-json\/wp\/v2\/media?parent=23"}],"curies":[{"name":"wp","href":"https:\/\/api.w.org\/{rel}","templated":true}]}}