{"id":1105,"date":"2025-10-28T14:49:25","date_gmt":"2025-10-28T14:49:25","guid":{"rendered":"https:\/\/site.chateaulacroizille.com\/?page_id=1105"},"modified":"2026-01-23T15:54:14","modified_gmt":"2026-01-23T15:54:14","slug":"bar-a-vin","status":"publish","type":"page","link":"https:\/\/chateaulacroizille.com\/en\/bar-a-vin\/","title":{"rendered":"Wine bar"},"content":{"rendered":"\t\t<div data-elementor-type=\"wp-page\" data-elementor-id=\"1105\" class=\"elementor elementor-1105\" data-elementor-post-type=\"page\">\n\t\t\t\t<div class=\"elementor-element elementor-element-bfbc883 e-con-full e-flex elementor-invisible e-con e-parent\" data-id=\"bfbc883\" data-element_type=\"container\" data-e-type=\"container\" data-settings=\"{&quot;background_background&quot;:&quot;classic&quot;,&quot;motion_fx_motion_fx_scrolling&quot;:&quot;yes&quot;,&quot;animation&quot;:&quot;fadeInUp&quot;,&quot;motion_fx_devices&quot;:[&quot;desktop&quot;,&quot;tablet&quot;,&quot;mobile&quot;]}\">\n\t\t\t\t<div class=\"elementor-element elementor-element-7a20efb animated-slow elementor-invisible elementor-widget elementor-widget-heading\" data-id=\"7a20efb\" data-element_type=\"widget\" data-e-type=\"widget\" data-settings=\"{&quot;_animation&quot;:&quot;fadeInUp&quot;,&quot;_animation_delay&quot;:400}\" data-widget_type=\"heading.default\">\n\t\t\t\t\t<h1 class=\"elementor-heading-title elementor-size-default\">Bar \u00e0 vin<\/h1>\t\t\t\t<\/div>\n\t\t\t\t<\/div>\n\t\t<div class=\"elementor-element elementor-element-00a4596 e-flex e-con-boxed e-con e-parent\" data-id=\"00a4596\" data-element_type=\"container\" data-e-type=\"container\">\n\t\t\t\t\t<div class=\"e-con-inner\">\n\t\t\t\t<div class=\"elementor-element elementor-element-70543dc staggerscroll elementor-widget elementor-widget-text-editor\" data-id=\"70543dc\" data-element_type=\"widget\" data-e-type=\"widget\" data-widget_type=\"text-editor.default\">\n\t\t\t\t\t\t\t\t\t<p>D\u00e9tendez-vous sur la <span style=\"color: #f05a28;\"> terrasse panoramique <\/span> avec un air de musique, des gourmandises locales et une s\u00e9lection de grands vins.<\/p>\t\t\t\t\t\t\t\t<\/div>\n\t\t\t\t\t<\/div>\n\t\t\t\t<\/div>\n\t\t<div class=\"elementor-element elementor-element-dc635b2 e-con-full e-flex e-con e-parent\" data-id=\"dc635b2\" data-element_type=\"container\" data-e-type=\"container\">\n\t\t<div class=\"elementor-element elementor-element-c5f733e e-con-full e-flex e-con e-child\" data-id=\"c5f733e\" data-element_type=\"container\" data-e-type=\"container\">\n\t\t\t\t<div class=\"elementor-element elementor-element-88a5ef2 elementor-widget__width-initial elementor-invisible elementor-widget elementor-widget-video\" data-id=\"88a5ef2\" data-element_type=\"widget\" data-e-type=\"widget\" data-settings=\"{&quot;video_type&quot;:&quot;hosted&quot;,&quot;autoplay&quot;:&quot;yes&quot;,&quot;mute&quot;:&quot;yes&quot;,&quot;loop&quot;:&quot;yes&quot;,&quot;_animation&quot;:&quot;fadeInUp&quot;}\" data-widget_type=\"video.default\">\n\t\t\t\t\t\t\t<div class=\"e-hosted-video elementor-wrapper elementor-open-inline\">\n\t\t\t\t\t<video class=\"elementor-video\" src=\"http:\/\/site.chateaulacroizille.com\/wp-content\/uploads\/2025\/10\/degustation-terrasse-pano.mp4\" autoplay=\"\" loop=\"\" muted=\"muted\" controlsList=\"nodownload\"><\/video>\n\t\t\t\t<\/div>\n\t\t\t\t\t\t<\/div>\n\t\t\t\t<div class=\"elementor-element elementor-element-2ea4a6c elementor-widget__width-initial elementor-widget elementor-widget-text-editor\" data-id=\"2ea4a6c\" data-element_type=\"widget\" data-e-type=\"widget\" data-widget_type=\"text-editor.default\">\n\t\t\t\t\t\t\t\t\t<ul><li>Verre de vin \u00e0 partir de 6 \u20ac TTC, bouteille \u00e0 partir de 15 \u20ac TTC<\/li><li>Planche charcuterie-fromage \u00e0 partir de 20 \u20ac TTC, tartinables \u00e0 partir de 6\u20ac (rillettes, p\u00e2t\u00e9s, &#8230;)<\/li><li>Caf\u00e9 et autres boissons<\/li><\/ul>\t\t\t\t\t\t\t\t<\/div>\n\t\t\t\t<\/div>\n\t\t<div class=\"elementor-element elementor-element-a11ca20 e-con-full e-flex e-con e-child\" data-id=\"a11ca20\" data-element_type=\"container\" data-e-type=\"container\">\n\t\t\t\t<div class=\"elementor-element elementor-element-b6357c7 elementor-invisible elementor-widget elementor-widget-image\" data-id=\"b6357c7\" data-element_type=\"widget\" data-e-type=\"widget\" data-settings=\"{&quot;_animation&quot;:&quot;fadeInUp&quot;}\" data-widget_type=\"image.default\">\n\t\t\t\t\t\t\t\t\t\t\t\t\t\t\t<img fetchpriority=\"high\" decoding=\"async\" width=\"700\" height=\"700\" src=\"https:\/\/chateaulacroizille.com\/wp-content\/uploads\/2025\/10\/bar-a-vin-1-1.jpg\" class=\"attachment-full size-full wp-image-757\" alt=\"\" srcset=\"https:\/\/chateaulacroizille.com\/wp-content\/uploads\/2025\/10\/bar-a-vin-1-1.jpg 700w, https:\/\/chateaulacroizille.com\/wp-content\/uploads\/2025\/10\/bar-a-vin-1-1-300x300.jpg 300w, https:\/\/chateaulacroizille.com\/wp-content\/uploads\/2025\/10\/bar-a-vin-1-1-150x150.jpg 150w\" sizes=\"(max-width: 700px) 100vw, 700px\" \/>\t\t\t\t\t\t\t\t\t\t\t\t\t\t\t<\/div>\n\t\t\t\t<\/div>\n\t\t\t\t<\/div>\n\t\t<div class=\"elementor-element elementor-element-074b0d5 e-con-full e-flex e-con e-parent\" data-id=\"074b0d5\" data-element_type=\"container\" data-e-type=\"container\">\n\t\t\t\t<div class=\"elementor-element elementor-element-98f46ea elementor-widget__width-initial staggerscroll elementor-widget elementor-widget-heading\" data-id=\"98f46ea\" data-element_type=\"widget\" data-e-type=\"widget\" data-settings=\"{&quot;_animation&quot;:&quot;none&quot;}\" data-widget_type=\"heading.default\">\n\t\t\t\t\t<h2 class=\"elementor-heading-title elementor-size-default\">Un pur moment <br>de d\u00e9tente<\/h2>\t\t\t\t<\/div>\n\t\t\t\t<\/div>\n\t\t<div class=\"elementor-element elementor-element-b289af8 e-flex e-con-boxed e-con e-parent\" data-id=\"b289af8\" data-element_type=\"container\" data-e-type=\"container\">\n\t\t\t\t\t<div class=\"e-con-inner\">\n\t\t<div class=\"elementor-element elementor-element-c710113 e-con-full e-flex e-con e-child\" data-id=\"c710113\" data-element_type=\"container\" data-e-type=\"container\">\n\t\t\t\t<div class=\"elementor-element elementor-element-47eafc6 elementor-widget__width-initial elementor-widget elementor-widget-text-editor\" data-id=\"47eafc6\" data-element_type=\"widget\" data-e-type=\"widget\" data-widget_type=\"text-editor.default\">\n\t\t\t\t\t\t\t\t\t<p>C\u2019est le lieu id\u00e9al pour prolonger votre visite, \u00e9changer autour d\u2019un verre, ou simplement savourer la beaut\u00e9 du paysage avec un vin d\u2019exception \u00e0 la main.<\/p>\t\t\t\t\t\t\t\t<\/div>\n\t\t\t\t<\/div>\n\t\t<div class=\"elementor-element elementor-element-3f48ef7 e-con-full e-flex e-con e-child\" data-id=\"3f48ef7\" data-element_type=\"container\" data-e-type=\"container\">\n\t\t\t\t<div class=\"elementor-element elementor-element-b05a599 elementor-invisible elementor-widget elementor-widget-video\" data-id=\"b05a599\" data-element_type=\"widget\" data-e-type=\"widget\" data-settings=\"{&quot;video_type&quot;:&quot;hosted&quot;,&quot;autoplay&quot;:&quot;yes&quot;,&quot;loop&quot;:&quot;yes&quot;,&quot;_animation&quot;:&quot;fadeInUp&quot;}\" data-widget_type=\"video.default\">\n\t\t\t\t\t\t\t<div class=\"e-hosted-video elementor-wrapper elementor-open-inline\">\n\t\t\t\t\t<video class=\"elementor-video\" src=\"http:\/\/site.chateaulacroizille.com\/wp-content\/uploads\/2025\/11\/video-bar-a-vin-.mp4\" autoplay=\"\" loop=\"\" controlsList=\"nodownload\"><\/video>\n\t\t\t\t<\/div>\n\t\t\t\t\t\t<\/div>\n\t\t\t\t<\/div>\n\t\t<div class=\"elementor-element elementor-element-80a45c1 e-con-full e-flex e-con e-child\" data-id=\"80a45c1\" data-element_type=\"container\" data-e-type=\"container\">\n\t\t\t\t<div class=\"elementor-element elementor-element-ee8cf9b elementor-invisible elementor-widget elementor-widget-image\" data-id=\"ee8cf9b\" data-element_type=\"widget\" data-e-type=\"widget\" data-settings=\"{&quot;_animation&quot;:&quot;fadeInUp&quot;}\" data-widget_type=\"image.default\">\n\t\t\t\t\t\t\t\t\t\t\t\t\t\t\t<img decoding=\"async\" width=\"700\" height=\"875\" src=\"https:\/\/chateaulacroizille.com\/wp-content\/uploads\/2025\/10\/La-Croizille_Plateau-Charcuterie.jpg\" class=\"attachment-full size-full wp-image-1229\" alt=\"\" srcset=\"https:\/\/chateaulacroizille.com\/wp-content\/uploads\/2025\/10\/La-Croizille_Plateau-Charcuterie.jpg 700w, https:\/\/chateaulacroizille.com\/wp-content\/uploads\/2025\/10\/La-Croizille_Plateau-Charcuterie-240x300.jpg 240w\" sizes=\"(max-width: 700px) 100vw, 700px\" \/>\t\t\t\t\t\t\t\t\t\t\t\t\t\t\t<\/div>\n\t\t\t\t<\/div>\n\t\t\t\t\t<\/div>\n\t\t\t\t<\/div>\n\t\t<div class=\"elementor-element elementor-element-8cd829a e-con-full e-flex e-con e-parent\" data-id=\"8cd829a\" data-element_type=\"container\" data-e-type=\"container\" data-settings=\"{&quot;background_background&quot;:&quot;classic&quot;}\">\n\t\t\t\t<div class=\"elementor-element elementor-element-e6c1a61 staggerscroll elementor-widget elementor-widget-heading\" data-id=\"e6c1a61\" data-element_type=\"widget\" data-e-type=\"widget\" data-widget_type=\"heading.default\">\n\t\t\t\t\t<h2 class=\"elementor-heading-title elementor-size-default\"><a href=\"https:\/\/site.chateaulacroizille.com\/actualitesevenement\/\">Actus\/\u00e9v\u00e8nements<\/a><\/h2>\t\t\t\t<\/div>\n\t\t\t\t<div class=\"elementor-element elementor-element-70ed6c3 elementor-invisible elementor-widget elementor-widget-text-editor\" data-id=\"70ed6c3\" data-element_type=\"widget\" data-e-type=\"widget\" data-settings=\"{&quot;_animation&quot;:&quot;fadeInUp&quot;}\" data-widget_type=\"text-editor.default\">\n\t\t\t\t\t\t\t\t\t<p>D\u00e9couvez toute l&rsquo;expertise des \u00e9quipes du ch\u00e2teau la croizille<\/p>\t\t\t\t\t\t\t\t<\/div>\n\t\t\t\t<\/div>\n\t\t\t\t<\/div>\n\t\t","protected":false},"excerpt":{"rendered":"<p>Bar \u00e0 vin D\u00e9tendez-vous sur la terrasse panoramique avec un air de musique, des gourmandises locales et une s\u00e9lection de grands vins. https:\/\/chateaulacroizille.com\/\/wp-content\/uploads\/2025\/10\/degustation-terrasse-pano.mp4 Verre de vin \u00e0 partir de 6 \u20ac TTC, bouteille \u00e0 partir de 15 \u20ac TTC Planche charcuterie-fromage \u00e0 partir de 20 \u20ac TTC, tartinables \u00e0 partir de 6\u20ac (rillettes, p\u00e2t\u00e9s, &#8230;) [&hellip;]<\/p>\n","protected":false},"author":1,"featured_media":0,"parent":0,"menu_order":0,"comment_status":"closed","ping_status":"closed","template":"","meta":{"footnotes":""},"class_list":["post-1105","page","type-page","status-publish","hentry"],"yoast_head":"<!-- This site is optimized with the Yoast SEO plugin v27.4 - https:\/\/yoast.com\/product\/yoast-seo-wordpress\/ -->\n<title>Bar \u00e0 vin \u00e0 Saint-\u00c9milion | Terrasse &amp; vins au verre \u2013 Ch\u00e2teau La Croizille<\/title>\n<meta name=\"description\" content=\"Profitez du bar \u00e0 vin de Ch\u00e2teau La Croizille : vins au verre, planches \u00e0 partager et vue sur le vignoble \u00e0 Saint-\u00c9milion. Moment convivial au c\u0153ur des vignes.\" \/>\n<meta name=\"robots\" content=\"index, follow, max-snippet:-1, max-image-preview:large, max-video-preview:-1\" \/>\n<link rel=\"canonical\" href=\"https:\/\/chateaulacroizille.com\/en\/bar-a-vin\/\" \/>\n<meta property=\"og:locale\" content=\"en_GB\" \/>\n<meta property=\"og:type\" content=\"article\" \/>\n<meta property=\"og:title\" content=\"Bar \u00e0 vin \u00e0 Saint-\u00c9milion | Terrasse &amp; vins au verre \u2013 Ch\u00e2teau La Croizille\" \/>\n<meta property=\"og:description\" content=\"Profitez du bar \u00e0 vin de Ch\u00e2teau La Croizille : vins au verre, planches \u00e0 partager et vue sur le vignoble \u00e0 Saint-\u00c9milion. Moment convivial au c\u0153ur des vignes.\" \/>\n<meta property=\"og:url\" content=\"https:\/\/chateaulacroizille.com\/en\/bar-a-vin\/\" \/>\n<meta property=\"article:publisher\" content=\"https:\/\/www.facebook.com\/lacroizille\" \/>\n<meta property=\"article:modified_time\" content=\"2026-01-23T15:54:14+00:00\" \/>\n<meta property=\"og:image\" content=\"https:\/\/chateaulacroizille.com\/wp-content\/uploads\/2025\/10\/bar-a-vin-1-1.jpg\" \/>\n\t<meta property=\"og:image:width\" content=\"700\" \/>\n\t<meta property=\"og:image:height\" content=\"700\" \/>\n\t<meta property=\"og:image:type\" content=\"image\/jpeg\" \/>\n<meta name=\"twitter:card\" content=\"summary_large_image\" \/>\n<meta name=\"twitter:label1\" content=\"Estimated reading time\" \/>\n\t<meta name=\"twitter:data1\" content=\"1 minute\" \/>\n<script type=\"application\/ld+json\" class=\"yoast-schema-graph\">{\"@context\":\"https:\\\/\\\/schema.org\",\"@graph\":[{\"@type\":\"WebPage\",\"@id\":\"https:\\\/\\\/chateaulacroizille.com\\\/bar-a-vin\\\/\",\"url\":\"https:\\\/\\\/chateaulacroizille.com\\\/bar-a-vin\\\/\",\"name\":\"Bar \u00e0 vin \u00e0 Saint-\u00c9milion | Terrasse & vins au verre \u2013 Ch\u00e2teau La Croizille\",\"isPartOf\":{\"@id\":\"https:\\\/\\\/chateaulacroizille.com\\\/#website\"},\"primaryImageOfPage\":{\"@id\":\"https:\\\/\\\/chateaulacroizille.com\\\/bar-a-vin\\\/#primaryimage\"},\"image\":{\"@id\":\"https:\\\/\\\/chateaulacroizille.com\\\/bar-a-vin\\\/#primaryimage\"},\"thumbnailUrl\":\"https:\\\/\\\/chateaulacroizille.com\\\/wp-content\\\/uploads\\\/2025\\\/10\\\/bar-a-vin-1-1.jpg\",\"datePublished\":\"2025-10-28T14:49:25+00:00\",\"dateModified\":\"2026-01-23T15:54:14+00:00\",\"description\":\"Profitez du bar \u00e0 vin de Ch\u00e2teau La Croizille : vins au verre, planches \u00e0 partager et vue sur le vignoble \u00e0 Saint-\u00c9milion. Moment convivial au c\u0153ur des vignes.\",\"breadcrumb\":{\"@id\":\"https:\\\/\\\/chateaulacroizille.com\\\/bar-a-vin\\\/#breadcrumb\"},\"inLanguage\":\"en-GB\",\"potentialAction\":[{\"@type\":\"ReadAction\",\"target\":[\"https:\\\/\\\/chateaulacroizille.com\\\/bar-a-vin\\\/\"]}]},{\"@type\":\"ImageObject\",\"inLanguage\":\"en-GB\",\"@id\":\"https:\\\/\\\/chateaulacroizille.com\\\/bar-a-vin\\\/#primaryimage\",\"url\":\"https:\\\/\\\/chateaulacroizille.com\\\/wp-content\\\/uploads\\\/2025\\\/10\\\/bar-a-vin-1-1.jpg\",\"contentUrl\":\"https:\\\/\\\/chateaulacroizille.com\\\/wp-content\\\/uploads\\\/2025\\\/10\\\/bar-a-vin-1-1.jpg\"},{\"@type\":\"BreadcrumbList\",\"@id\":\"https:\\\/\\\/chateaulacroizille.com\\\/bar-a-vin\\\/#breadcrumb\",\"itemListElement\":[{\"@type\":\"ListItem\",\"position\":1,\"name\":\"Accueil\",\"item\":\"https:\\\/\\\/chateaulacroizille.com\\\/\"},{\"@type\":\"ListItem\",\"position\":2,\"name\":\"Bar \u00e0 vin\"}]},{\"@type\":\"WebSite\",\"@id\":\"https:\\\/\\\/chateaulacroizille.com\\\/#website\",\"url\":\"https:\\\/\\\/chateaulacroizille.com\\\/\",\"name\":\"Ch\u00e2teaulacroizille\",\"description\":\"\",\"publisher\":{\"@id\":\"https:\\\/\\\/chateaulacroizille.com\\\/#organization\"},\"potentialAction\":[{\"@type\":\"SearchAction\",\"target\":{\"@type\":\"EntryPoint\",\"urlTemplate\":\"https:\\\/\\\/chateaulacroizille.com\\\/?s={search_term_string}\"},\"query-input\":{\"@type\":\"PropertyValueSpecification\",\"valueRequired\":true,\"valueName\":\"search_term_string\"}}],\"inLanguage\":\"en-GB\"},{\"@type\":\"Organization\",\"@id\":\"https:\\\/\\\/chateaulacroizille.com\\\/#organization\",\"name\":\"Ch\u00e2teaulacroizille\",\"url\":\"https:\\\/\\\/chateaulacroizille.com\\\/\",\"logo\":{\"@type\":\"ImageObject\",\"inLanguage\":\"en-GB\",\"@id\":\"https:\\\/\\\/chateaulacroizille.com\\\/#\\\/schema\\\/logo\\\/image\\\/\",\"url\":\"https:\\\/\\\/chateaulacroizille.com\\\/wp-content\\\/uploads\\\/2025\\\/07\\\/cropped-Logo-La-Croizille-noir-copie.png\",\"contentUrl\":\"https:\\\/\\\/chateaulacroizille.com\\\/wp-content\\\/uploads\\\/2025\\\/07\\\/cropped-Logo-La-Croizille-noir-copie.png\",\"width\":842,\"height\":453,\"caption\":\"Ch\u00e2teaulacroizille\"},\"image\":{\"@id\":\"https:\\\/\\\/chateaulacroizille.com\\\/#\\\/schema\\\/logo\\\/image\\\/\"},\"sameAs\":[\"https:\\\/\\\/www.facebook.com\\\/lacroizille\",\"https:\\\/\\\/www.instagram.com\\\/la_croizille\\\/\"]}]}<\/script>\n<!-- \/ Yoast SEO plugin. -->","yoast_head_json":{"title":"Bar \u00e0 vin \u00e0 Saint-\u00c9milion | Terrasse & vins au verre \u2013 Ch\u00e2teau La Croizille","description":"Profitez du bar \u00e0 vin de Ch\u00e2teau La Croizille : vins au verre, planches \u00e0 partager et vue sur le vignoble \u00e0 Saint-\u00c9milion. Moment convivial au c\u0153ur des vignes.","robots":{"index":"index","follow":"follow","max-snippet":"max-snippet:-1","max-image-preview":"max-image-preview:large","max-video-preview":"max-video-preview:-1"},"canonical":"https:\/\/chateaulacroizille.com\/en\/bar-a-vin\/","og_locale":"en_GB","og_type":"article","og_title":"Bar \u00e0 vin \u00e0 Saint-\u00c9milion | Terrasse & vins au verre \u2013 Ch\u00e2teau La Croizille","og_description":"Profitez du bar \u00e0 vin de Ch\u00e2teau La Croizille : vins au verre, planches \u00e0 partager et vue sur le vignoble \u00e0 Saint-\u00c9milion. Moment convivial au c\u0153ur des vignes.","og_url":"https:\/\/chateaulacroizille.com\/en\/bar-a-vin\/","article_publisher":"https:\/\/www.facebook.com\/lacroizille","article_modified_time":"2026-01-23T15:54:14+00:00","og_image":[{"width":700,"height":700,"url":"https:\/\/chateaulacroizille.com\/wp-content\/uploads\/2025\/10\/bar-a-vin-1-1.jpg","type":"image\/jpeg"}],"twitter_card":"summary_large_image","twitter_misc":{"Estimated reading time":"1 minute"},"schema":{"@context":"https:\/\/schema.org","@graph":[{"@type":"WebPage","@id":"https:\/\/chateaulacroizille.com\/bar-a-vin\/","url":"https:\/\/chateaulacroizille.com\/bar-a-vin\/","name":"Bar \u00e0 vin \u00e0 Saint-\u00c9milion | Terrasse & vins au verre \u2013 Ch\u00e2teau La Croizille","isPartOf":{"@id":"https:\/\/chateaulacroizille.com\/#website"},"primaryImageOfPage":{"@id":"https:\/\/chateaulacroizille.com\/bar-a-vin\/#primaryimage"},"image":{"@id":"https:\/\/chateaulacroizille.com\/bar-a-vin\/#primaryimage"},"thumbnailUrl":"https:\/\/chateaulacroizille.com\/wp-content\/uploads\/2025\/10\/bar-a-vin-1-1.jpg","datePublished":"2025-10-28T14:49:25+00:00","dateModified":"2026-01-23T15:54:14+00:00","description":"Profitez du bar \u00e0 vin de Ch\u00e2teau La Croizille : vins au verre, planches \u00e0 partager et vue sur le vignoble \u00e0 Saint-\u00c9milion. Moment convivial au c\u0153ur des vignes.","breadcrumb":{"@id":"https:\/\/chateaulacroizille.com\/bar-a-vin\/#breadcrumb"},"inLanguage":"en-GB","potentialAction":[{"@type":"ReadAction","target":["https:\/\/chateaulacroizille.com\/bar-a-vin\/"]}]},{"@type":"ImageObject","inLanguage":"en-GB","@id":"https:\/\/chateaulacroizille.com\/bar-a-vin\/#primaryimage","url":"https:\/\/chateaulacroizille.com\/wp-content\/uploads\/2025\/10\/bar-a-vin-1-1.jpg","contentUrl":"https:\/\/chateaulacroizille.com\/wp-content\/uploads\/2025\/10\/bar-a-vin-1-1.jpg"},{"@type":"BreadcrumbList","@id":"https:\/\/chateaulacroizille.com\/bar-a-vin\/#breadcrumb","itemListElement":[{"@type":"ListItem","position":1,"name":"Accueil","item":"https:\/\/chateaulacroizille.com\/"},{"@type":"ListItem","position":2,"name":"Bar \u00e0 vin"}]},{"@type":"WebSite","@id":"https:\/\/chateaulacroizille.com\/#website","url":"https:\/\/chateaulacroizille.com\/","name":"Ch\u00e2teaulacroizille","description":"","publisher":{"@id":"https:\/\/chateaulacroizille.com\/#organization"},"potentialAction":[{"@type":"SearchAction","target":{"@type":"EntryPoint","urlTemplate":"https:\/\/chateaulacroizille.com\/?s={search_term_string}"},"query-input":{"@type":"PropertyValueSpecification","valueRequired":true,"valueName":"search_term_string"}}],"inLanguage":"en-GB"},{"@type":"Organization","@id":"https:\/\/chateaulacroizille.com\/#organization","name":"Ch\u00e2teaulacroizille","url":"https:\/\/chateaulacroizille.com\/","logo":{"@type":"ImageObject","inLanguage":"en-GB","@id":"https:\/\/chateaulacroizille.com\/#\/schema\/logo\/image\/","url":"https:\/\/chateaulacroizille.com\/wp-content\/uploads\/2025\/07\/cropped-Logo-La-Croizille-noir-copie.png","contentUrl":"https:\/\/chateaulacroizille.com\/wp-content\/uploads\/2025\/07\/cropped-Logo-La-Croizille-noir-copie.png","width":842,"height":453,"caption":"Ch\u00e2teaulacroizille"},"image":{"@id":"https:\/\/chateaulacroizille.com\/#\/schema\/logo\/image\/"},"sameAs":["https:\/\/www.facebook.com\/lacroizille","https:\/\/www.instagram.com\/la_croizille\/"]}]}},"_links":{"self":[{"href":"https:\/\/chateaulacroizille.com\/en\/wp-json\/wp\/v2\/pages\/1105","targetHints":{"allow":["GET"]}}],"collection":[{"href":"https:\/\/chateaulacroizille.com\/en\/wp-json\/wp\/v2\/pages"}],"about":[{"href":"https:\/\/chateaulacroizille.com\/en\/wp-json\/wp\/v2\/types\/page"}],"author":[{"embeddable":true,"href":"https:\/\/chateaulacroizille.com\/en\/wp-json\/wp\/v2\/users\/1"}],"replies":[{"embeddable":true,"href":"https:\/\/chateaulacroizille.com\/en\/wp-json\/wp\/v2\/comments?post=1105"}],"version-history":[{"count":46,"href":"https:\/\/chateaulacroizille.com\/en\/wp-json\/wp\/v2\/pages\/1105\/revisions"}],"predecessor-version":[{"id":2673,"href":"https:\/\/chateaulacroizille.com\/en\/wp-json\/wp\/v2\/pages\/1105\/revisions\/2673"}],"wp:attachment":[{"href":"https:\/\/chateaulacroizille.com\/en\/wp-json\/wp\/v2\/media?parent=1105"}],"curies":[{"name":"wp","href":"https:\/\/api.w.org\/{rel}","templated":true}]}}